{"id":100,"date":"2024-04-10T08:40:34","date_gmt":"2024-04-10T06:40:34","guid":{"rendered":"https:\/\/www.jebsen-blitzschutz.de\/?page_id=100"},"modified":"2025-11-27T15:26:29","modified_gmt":"2025-11-27T14:26:29","slug":"ueber-uns","status":"publish","type":"page","link":"https:\/\/www.jebsen-blitzschutz.de\/?page_id=100","title":{"rendered":"\u00dcber uns"},"content":{"rendered":"\t\t<div data-elementor-type=\"wp-page\" data-elementor-id=\"100\" class=\"elementor elementor-100\">\n\t\t\t\t<div class=\"elementor-element elementor-element-9b1c4e6 e-flex e-con-boxed wpr-particle-no wpr-jarallax-no wpr-parallax-no wpr-sticky-section-no wpr-equal-height-no e-con e-parent\" data-id=\"9b1c4e6\" data-element_type=\"container\" data-settings=\"{&quot;background_background&quot;:&quot;classic&quot;}\">\n\t\t\t\t\t<div class=\"e-con-inner\">\n\t\t\t\t<div class=\"elementor-element elementor-element-e9be64a animated-slow elementor-invisible elementor-widget elementor-widget-heading\" data-id=\"e9be64a\" data-element_type=\"widget\" data-settings=\"{&quot;_animation&quot;:&quot;fadeIn&quot;}\" data-widget_type=\"heading.default\">\n\t\t\t\t<div class=\"elementor-widget-container\">\n\t\t\t<h2 class=\"elementor-heading-title elementor-size-default\">Unser Team<\/h2>\t\t<\/div>\n\t\t\t\t<\/div>\n\t\t\t\t\t<\/div>\n\t\t\t\t<\/div>\n\t\t<div class=\"elementor-element elementor-element-fb3bbdc e-grid e-con-boxed wpr-particle-no wpr-jarallax-no wpr-parallax-no wpr-sticky-section-no wpr-equal-height-no e-con e-parent\" data-id=\"fb3bbdc\" data-element_type=\"container\">\n\t\t\t\t\t<div class=\"e-con-inner\">\n\t\t<div class=\"elementor-element elementor-element-d88c87c e-con-full e-grid wpr-particle-no wpr-jarallax-no wpr-parallax-no wpr-sticky-section-no wpr-equal-height-no e-con e-child\" data-id=\"d88c87c\" data-element_type=\"container\">\n\t\t<div class=\"elementor-element elementor-element-0dc5745 e-flex e-con-boxed wpr-particle-no wpr-jarallax-no wpr-parallax-no wpr-sticky-section-no wpr-equal-height-no e-con e-child\" data-id=\"0dc5745\" data-element_type=\"container\">\n\t\t\t\t\t<div class=\"e-con-inner\">\n\t\t\t\t\t<\/div>\n\t\t\t\t<\/div>\n\t\t<div class=\"elementor-element elementor-element-22ebb63 e-flex e-con-boxed wpr-particle-no wpr-jarallax-no wpr-parallax-no wpr-sticky-section-no wpr-equal-height-no e-con e-child\" data-id=\"22ebb63\" data-element_type=\"container\">\n\t\t\t\t\t<div class=\"e-con-inner\">\n\t\t\t\t<div class=\"elementor-element elementor-element-df70299 wpr-team-member-divider-center elementor-invisible elementor-widget elementor-widget-wpr-team-member\" data-id=\"df70299\" data-element_type=\"widget\" data-settings=\"{&quot;_animation&quot;:&quot;zoomIn&quot;}\" data-widget_type=\"wpr-team-member.default\">\n\t\t\t\t<div class=\"elementor-widget-container\">\n\t\t\t\n\t<div class=\"wpr-team-member\">\n\t\t\t\t\t\n\t\t\t<div class=\"wpr-member-media\">\n\t\t\t\t<div class=\"wpr-member-image\">\n\t\t\t\t\t<img decoding=\"async\" src=\"https:\/\/www.jebsen-blitzschutz.de\/wp-content\/uploads\/2024\/04\/Marx-Borwieck-GF.jpg\" alt=\"Marx Borwieck\">\n\t\t\t\t<\/div>\n\t\t\t\t\t\t\t<\/div>\n\t\t\t\t\n\t\t\n\t\t<div class=\"wpr-member-content\">\n\t\t\t<h3 class=\"wpr-member-name\">Marx Borwieck<\/h3>\n\t\t\t\t\t\t\t<div class=\"wpr-member-divider\"><\/div>\n\t\t\t\n\t\t\t\t\t\t\t<div class=\"wpr-member-job\">Gesch\u00e4ftsf\u00fchrer und Inhaber <\/div>\n\t\t\t\n\t\t\t\n\t\t\t\t\t\t\n\t\t\t\t\t<\/div>\n\n\t\t\t<\/div>\n\n\t\t\t<\/div>\n\t\t\t\t<\/div>\n\t\t\t\t\t<\/div>\n\t\t\t\t<\/div>\n\t\t<div class=\"elementor-element elementor-element-0d6c79e e-flex e-con-boxed wpr-particle-no wpr-jarallax-no wpr-parallax-no wpr-sticky-section-no wpr-equal-height-no e-con e-child\" data-id=\"0d6c79e\" data-element_type=\"container\">\n\t\t\t\t\t<div class=\"e-con-inner\">\n\t\t\t\t<div class=\"elementor-element elementor-element-d220660 wpr-team-member-divider-center elementor-invisible elementor-widget elementor-widget-wpr-team-member\" data-id=\"d220660\" data-element_type=\"widget\" data-settings=\"{&quot;_animation&quot;:&quot;zoomIn&quot;}\" data-widget_type=\"wpr-team-member.default\">\n\t\t\t\t<div class=\"elementor-widget-container\">\n\t\t\t\n\t<div class=\"wpr-team-member\">\n\t\t\t\t\t\n\t\t\t<div class=\"wpr-member-media\">\n\t\t\t\t<div class=\"wpr-member-image\">\n\t\t\t\t\t<img decoding=\"async\" src=\"https:\/\/www.jebsen-blitzschutz.de\/wp-content\/uploads\/2024\/04\/Bernd-Wunder-TA.jpg\" alt=\"Bernd Wunder\">\n\t\t\t\t<\/div>\n\t\t\t\t\t\t\t<\/div>\n\t\t\t\t\n\t\t\n\t\t<div class=\"wpr-member-content\">\n\t\t\t<h3 class=\"wpr-member-name\">Bernd Wunder<\/h3>\n\t\t\t\t\t\t\t<div class=\"wpr-member-divider\"><\/div>\n\t\t\t\n\t\t\t\t\t\t\t<div class=\"wpr-member-job\">Techn. Angestellter<\/div>\n\t\t\t\n\t\t\t\n\t\t\t\t\t\t\t<div class=\"wpr-member-description\">Zertifizierte Blitzschutzfachkraft f\u00fcr Planung und Pr\u00fcfung von Blitzschutzanlagen<\/div>\n\t\t\t\t\t\t\n\t\t\t\t\t<\/div>\n\n\t\t\t<\/div>\n\n\t\t\t<\/div>\n\t\t\t\t<\/div>\n\t\t\t\t\t<\/div>\n\t\t\t\t<\/div>\n\t\t<div class=\"elementor-element elementor-element-02aae7b e-flex e-con-boxed wpr-particle-no wpr-jarallax-no wpr-parallax-no wpr-sticky-section-no wpr-equal-height-no e-con e-child\" data-id=\"02aae7b\" data-element_type=\"container\">\n\t\t\t\t\t<div class=\"e-con-inner\">\n\t\t\t\t<div class=\"elementor-element elementor-element-c2dfc22 wpr-team-member-divider-center elementor-invisible elementor-widget elementor-widget-wpr-team-member\" data-id=\"c2dfc22\" data-element_type=\"widget\" data-settings=\"{&quot;_animation&quot;:&quot;zoomIn&quot;}\" data-widget_type=\"wpr-team-member.default\">\n\t\t\t\t<div class=\"elementor-widget-container\">\n\t\t\t\n\t<div class=\"wpr-team-member\">\n\t\t\t\t\t\n\t\t\t<div class=\"wpr-member-media\">\n\t\t\t\t<div class=\"wpr-member-image\">\n\t\t\t\t\t<img decoding=\"async\" src=\"https:\/\/www.jebsen-blitzschutz.de\/wp-content\/uploads\/2024\/04\/Timo-Jebsen-TA.jpg\" alt=\"Timo Jebsen \">\n\t\t\t\t<\/div>\n\t\t\t\t\t\t\t<\/div>\n\t\t\t\t\n\t\t\n\t\t<div class=\"wpr-member-content\">\n\t\t\t<h3 class=\"wpr-member-name\">Timo Jebsen <\/h3>\n\t\t\t\t\t\t\t<div class=\"wpr-member-divider\"><\/div>\n\t\t\t\n\t\t\t\t\t\t\t<div class=\"wpr-member-job\">Techn. Angestellter<\/div>\n\t\t\t\n\t\t\t\n\t\t\t\t\t\t\t<div class=\"wpr-member-description\">Zertifizierte Blitzschutzfachkraft<\/div>\n\t\t\t\t\t\t\n\t\t\t\t\t<\/div>\n\n\t\t\t<\/div>\n\n\t\t\t<\/div>\n\t\t\t\t<\/div>\n\t\t\t\t\t<\/div>\n\t\t\t\t<\/div>\n\t\t<div class=\"elementor-element elementor-element-8fdb249 e-flex e-con-boxed wpr-particle-no wpr-jarallax-no wpr-parallax-no wpr-sticky-section-no wpr-equal-height-no e-con e-child\" data-id=\"8fdb249\" data-element_type=\"container\">\n\t\t\t\t\t<div class=\"e-con-inner\">\n\t\t\t\t<div class=\"elementor-element elementor-element-2dbca8c wpr-team-member-divider-center elementor-invisible elementor-widget elementor-widget-wpr-team-member\" data-id=\"2dbca8c\" data-element_type=\"widget\" data-settings=\"{&quot;_animation&quot;:&quot;zoomIn&quot;}\" data-widget_type=\"wpr-team-member.default\">\n\t\t\t\t<div class=\"elementor-widget-container\">\n\t\t\t\n\t<div class=\"wpr-team-member\">\n\t\t\t\t\t\n\t\t\t<div class=\"wpr-member-media\">\n\t\t\t\t<div class=\"wpr-member-image\">\n\t\t\t\t\t<img decoding=\"async\" src=\"https:\/\/www.jebsen-blitzschutz.de\/wp-content\/uploads\/2024\/04\/Ulrike-Weber_Rechnungswesen.jpg\" alt=\"Ulrike Weber \">\n\t\t\t\t<\/div>\n\t\t\t\t\t\t\t<\/div>\n\t\t\t\t\n\t\t\n\t\t<div class=\"wpr-member-content\">\n\t\t\t<h3 class=\"wpr-member-name\">Ulrike Weber <\/h3>\n\t\t\t\t\t\t\t<div class=\"wpr-member-divider\"><\/div>\n\t\t\t\n\t\t\t\t\t\t\t<div class=\"wpr-member-job\">Rechnungswesen\u2028<\/div>\n\t\t\t\n\t\t\t\n\t\t\t\t\t\t\n\t\t\t\t\t<\/div>\n\n\t\t\t<\/div>\n\n\t\t\t<\/div>\n\t\t\t\t<\/div>\n\t\t\t\t\t<\/div>\n\t\t\t\t<\/div>\n\t\t<div class=\"elementor-element elementor-element-a008580 e-flex e-con-boxed wpr-particle-no wpr-jarallax-no wpr-parallax-no wpr-sticky-section-no wpr-equal-height-no e-con e-child\" data-id=\"a008580\" data-element_type=\"container\">\n\t\t\t\t\t<div class=\"e-con-inner\">\n\t\t\t\t<div class=\"elementor-element elementor-element-3469dd7 wpr-team-member-divider-center elementor-invisible elementor-widget elementor-widget-wpr-team-member\" data-id=\"3469dd7\" data-element_type=\"widget\" data-settings=\"{&quot;_animation&quot;:&quot;zoomIn&quot;}\" data-widget_type=\"wpr-team-member.default\">\n\t\t\t\t<div class=\"elementor-widget-container\">\n\t\t\t\n\t<div class=\"wpr-team-member\">\n\t\t\t\t\t\n\t\t\t<div class=\"wpr-member-media\">\n\t\t\t\t<div class=\"wpr-member-image\">\n\t\t\t\t\t<img decoding=\"async\" src=\"https:\/\/www.jebsen-blitzschutz.de\/wp-content\/uploads\/2024\/04\/Carina-Schwark_Rechnungswesen.jpg\" alt=\"Carina Schwark \">\n\t\t\t\t<\/div>\n\t\t\t\t\t\t\t<\/div>\n\t\t\t\t\n\t\t\n\t\t<div class=\"wpr-member-content\">\n\t\t\t<h3 class=\"wpr-member-name\">Carina Schwark <\/h3>\n\t\t\t\t\t\t\t<div class=\"wpr-member-divider\"><\/div>\n\t\t\t\n\t\t\t\t\t\t\t<div class=\"wpr-member-job\">Rechnungswesen<\/div>\n\t\t\t\n\t\t\t\n\t\t\t\t\t\t\n\t\t\t\t\t<\/div>\n\n\t\t\t<\/div>\n\n\t\t\t<\/div>\n\t\t\t\t<\/div>\n\t\t\t\t\t<\/div>\n\t\t\t\t<\/div>\n\t\t\t\t<\/div>\n\t\t\t\t\t<\/div>\n\t\t\t\t<\/div>\n\t\t\t\t<\/div>\n\t\t","protected":false},"excerpt":{"rendered":"<p>Unser Team Marx Borwieck Gesch\u00e4ftsf\u00fchrer und Inhaber Bernd Wunder Techn. Angestellter Zertifizierte Blitzschutzfachkraft f\u00fcr Planung und Pr\u00fcfung von Blitzschutzanlagen Timo Jebsen Techn. Angestellter Zertifizierte Blitzschutzfachkraft Ulrike Weber Rechnungswesen\u2028 Carina Schwark Rechnungswesen<\/p>\n","protected":false},"author":1,"featured_media":0,"parent":0,"menu_order":0,"comment_status":"closed","ping_status":"closed","template":"","meta":{"site-sidebar-layout":"no-sidebar","site-content-layout":"","ast-site-content-layout":"full-width-container","site-content-style":"default","site-sidebar-style":"default","ast-global-header-display":"","ast-banner-title-visibility":"","ast-main-header-display":"","ast-hfb-above-header-display":"","ast-hfb-below-header-display":"","ast-hfb-mobile-header-display":"","site-post-title":"disabled","ast-breadcrumbs-content":"","ast-featured-img":"disabled","footer-sml-layout":"","theme-transparent-header-meta":"","adv-header-id-meta":"","stick-header-meta":"","header-above-stick-meta":"","header-main-stick-meta":"","header-below-stick-meta":"","astra-migrate-meta-layouts":"default","ast-page-background-enabled":"default","ast-page-background-meta":{"desktop":{"background-color":"var(--ast-global-color-4)","background-image":"","background-repeat":"repeat","background-position":"center center","background-size":"auto","background-attachment":"scroll","background-type":"","background-media":"","overlay-type":"","overlay-color":"","overlay-gradient":""},"tablet":{"background-color":"","background-image":"","background-repeat":"repeat","background-position":"center center","background-size":"auto","background-attachment":"scroll","background-type":"","background-media":"","overlay-type":"","overlay-color":"","overlay-gradient":""},"mobile":{"background-color":"","background-image":"","background-repeat":"repeat","background-position":"center center","background-size":"auto","background-attachment":"scroll","background-type":"","background-media":"","overlay-type":"","overlay-color":"","overlay-gradient":""}},"ast-content-background-meta":{"desktop":{"background-color":"var(--ast-global-color-5)","background-image":"","background-repeat":"repeat","background-position":"center center","background-size":"auto","background-attachment":"scroll","background-type":"","background-media":"","overlay-type":"","overlay-color":"","overlay-gradient":""},"tablet":{"background-color":"var(--ast-global-color-5)","background-image":"","background-repeat":"repeat","background-position":"center center","background-size":"auto","background-attachment":"scroll","background-type":"","background-media":"","overlay-type":"","overlay-color":"","overlay-gradient":""},"mobile":{"background-color":"var(--ast-global-color-5)","background-image":"","background-repeat":"repeat","background-position":"center center","background-size":"auto","background-attachment":"scroll","background-type":"","background-media":"","overlay-type":"","overlay-color":"","overlay-gradient":""}},"footnotes":""},"class_list":["post-100","page","type-page","status-publish","hentry"],"yoast_head":"<!-- This site is optimized with the Yoast SEO plugin v23.1 - https:\/\/yoast.com\/wordpress\/plugins\/seo\/ -->\n<title>\u00dcber uns -<\/title>\n<meta name=\"robots\" content=\"index, follow, max-snippet:-1, max-image-preview:large, max-video-preview:-1\" \/>\n<link rel=\"canonical\" href=\"https:\/\/www.jebsen-blitzschutz.de\/?page_id=100\" \/>\n<meta property=\"og:locale\" content=\"de_DE\" \/>\n<meta property=\"og:type\" content=\"article\" \/>\n<meta property=\"og:title\" content=\"\u00dcber uns -\" \/>\n<meta property=\"og:description\" content=\"Unser Team Marx Borwieck Gesch\u00e4ftsf\u00fchrer und Inhaber Bernd Wunder Techn. Angestellter Zertifizierte Blitzschutzfachkraft f\u00fcr Planung und Pr\u00fcfung von Blitzschutzanlagen Timo Jebsen Techn. Angestellter Zertifizierte Blitzschutzfachkraft Ulrike Weber Rechnungswesen\u2028 Carina Schwark Rechnungswesen\" \/>\n<meta property=\"og:url\" content=\"https:\/\/www.jebsen-blitzschutz.de\/?page_id=100\" \/>\n<meta property=\"article:modified_time\" content=\"2025-11-27T14:26:29+00:00\" \/>\n<meta property=\"og:image\" content=\"https:\/\/www.jebsen-blitzschutz.de\/wp-content\/uploads\/2024\/04\/Marx-Borwieck-GF.jpg\" \/>\n<meta name=\"twitter:card\" content=\"summary_large_image\" \/>\n<meta name=\"twitter:label1\" content=\"Gesch\u00e4tzte Lesezeit\" \/>\n\t<meta name=\"twitter:data1\" content=\"2\u00a0Minuten\" \/>\n<script type=\"application\/ld+json\" class=\"yoast-schema-graph\">{\"@context\":\"https:\/\/schema.org\",\"@graph\":[{\"@type\":\"WebPage\",\"@id\":\"https:\/\/www.jebsen-blitzschutz.de\/?page_id=100\",\"url\":\"https:\/\/www.jebsen-blitzschutz.de\/?page_id=100\",\"name\":\"\u00dcber uns -\",\"isPartOf\":{\"@id\":\"https:\/\/www.jebsen-blitzschutz.de\/#website\"},\"primaryImageOfPage\":{\"@id\":\"https:\/\/www.jebsen-blitzschutz.de\/?page_id=100#primaryimage\"},\"image\":{\"@id\":\"https:\/\/www.jebsen-blitzschutz.de\/?page_id=100#primaryimage\"},\"thumbnailUrl\":\"https:\/\/www.jebsen-blitzschutz.de\/wp-content\/uploads\/2024\/04\/Marx-Borwieck-GF.jpg\",\"datePublished\":\"2024-04-10T06:40:34+00:00\",\"dateModified\":\"2025-11-27T14:26:29+00:00\",\"breadcrumb\":{\"@id\":\"https:\/\/www.jebsen-blitzschutz.de\/?page_id=100#breadcrumb\"},\"inLanguage\":\"de\",\"potentialAction\":[{\"@type\":\"ReadAction\",\"target\":[\"https:\/\/www.jebsen-blitzschutz.de\/?page_id=100\"]}]},{\"@type\":\"ImageObject\",\"inLanguage\":\"de\",\"@id\":\"https:\/\/www.jebsen-blitzschutz.de\/?page_id=100#primaryimage\",\"url\":\"https:\/\/www.jebsen-blitzschutz.de\/wp-content\/uploads\/2024\/04\/Marx-Borwieck-GF.jpg\",\"contentUrl\":\"https:\/\/www.jebsen-blitzschutz.de\/wp-content\/uploads\/2024\/04\/Marx-Borwieck-GF.jpg\",\"width\":1066,\"height\":1600},{\"@type\":\"BreadcrumbList\",\"@id\":\"https:\/\/www.jebsen-blitzschutz.de\/?page_id=100#breadcrumb\",\"itemListElement\":[{\"@type\":\"ListItem\",\"position\":1,\"name\":\"Startseite\",\"item\":\"https:\/\/www.jebsen-blitzschutz.de\/\"},{\"@type\":\"ListItem\",\"position\":2,\"name\":\"\u00dcber uns\"}]},{\"@type\":\"WebSite\",\"@id\":\"https:\/\/www.jebsen-blitzschutz.de\/#website\",\"url\":\"https:\/\/www.jebsen-blitzschutz.de\/\",\"name\":\"\",\"description\":\"\",\"potentialAction\":[{\"@type\":\"SearchAction\",\"target\":{\"@type\":\"EntryPoint\",\"urlTemplate\":\"https:\/\/www.jebsen-blitzschutz.de\/?s={search_term_string}\"},\"query-input\":\"required name=search_term_string\"}],\"inLanguage\":\"de\"}]}<\/script>\n<!-- \/ Yoast SEO plugin. -->","yoast_head_json":{"title":"\u00dcber uns -","robots":{"index":"index","follow":"follow","max-snippet":"max-snippet:-1","max-image-preview":"max-image-preview:large","max-video-preview":"max-video-preview:-1"},"canonical":"https:\/\/www.jebsen-blitzschutz.de\/?page_id=100","og_locale":"de_DE","og_type":"article","og_title":"\u00dcber uns -","og_description":"Unser Team Marx Borwieck Gesch\u00e4ftsf\u00fchrer und Inhaber Bernd Wunder Techn. Angestellter Zertifizierte Blitzschutzfachkraft f\u00fcr Planung und Pr\u00fcfung von Blitzschutzanlagen Timo Jebsen Techn. Angestellter Zertifizierte Blitzschutzfachkraft Ulrike Weber Rechnungswesen\u2028 Carina Schwark Rechnungswesen","og_url":"https:\/\/www.jebsen-blitzschutz.de\/?page_id=100","article_modified_time":"2025-11-27T14:26:29+00:00","og_image":[{"url":"https:\/\/www.jebsen-blitzschutz.de\/wp-content\/uploads\/2024\/04\/Marx-Borwieck-GF.jpg"}],"twitter_card":"summary_large_image","twitter_misc":{"Gesch\u00e4tzte Lesezeit":"2\u00a0Minuten"},"schema":{"@context":"https:\/\/schema.org","@graph":[{"@type":"WebPage","@id":"https:\/\/www.jebsen-blitzschutz.de\/?page_id=100","url":"https:\/\/www.jebsen-blitzschutz.de\/?page_id=100","name":"\u00dcber uns -","isPartOf":{"@id":"https:\/\/www.jebsen-blitzschutz.de\/#website"},"primaryImageOfPage":{"@id":"https:\/\/www.jebsen-blitzschutz.de\/?page_id=100#primaryimage"},"image":{"@id":"https:\/\/www.jebsen-blitzschutz.de\/?page_id=100#primaryimage"},"thumbnailUrl":"https:\/\/www.jebsen-blitzschutz.de\/wp-content\/uploads\/2024\/04\/Marx-Borwieck-GF.jpg","datePublished":"2024-04-10T06:40:34+00:00","dateModified":"2025-11-27T14:26:29+00:00","breadcrumb":{"@id":"https:\/\/www.jebsen-blitzschutz.de\/?page_id=100#breadcrumb"},"inLanguage":"de","potentialAction":[{"@type":"ReadAction","target":["https:\/\/www.jebsen-blitzschutz.de\/?page_id=100"]}]},{"@type":"ImageObject","inLanguage":"de","@id":"https:\/\/www.jebsen-blitzschutz.de\/?page_id=100#primaryimage","url":"https:\/\/www.jebsen-blitzschutz.de\/wp-content\/uploads\/2024\/04\/Marx-Borwieck-GF.jpg","contentUrl":"https:\/\/www.jebsen-blitzschutz.de\/wp-content\/uploads\/2024\/04\/Marx-Borwieck-GF.jpg","width":1066,"height":1600},{"@type":"BreadcrumbList","@id":"https:\/\/www.jebsen-blitzschutz.de\/?page_id=100#breadcrumb","itemListElement":[{"@type":"ListItem","position":1,"name":"Startseite","item":"https:\/\/www.jebsen-blitzschutz.de\/"},{"@type":"ListItem","position":2,"name":"\u00dcber uns"}]},{"@type":"WebSite","@id":"https:\/\/www.jebsen-blitzschutz.de\/#website","url":"https:\/\/www.jebsen-blitzschutz.de\/","name":"","description":"","potentialAction":[{"@type":"SearchAction","target":{"@type":"EntryPoint","urlTemplate":"https:\/\/www.jebsen-blitzschutz.de\/?s={search_term_string}"},"query-input":"required name=search_term_string"}],"inLanguage":"de"}]}},"_links":{"self":[{"href":"https:\/\/www.jebsen-blitzschutz.de\/index.php?rest_route=\/wp\/v2\/pages\/100","targetHints":{"allow":["GET"]}}],"collection":[{"href":"https:\/\/www.jebsen-blitzschutz.de\/index.php?rest_route=\/wp\/v2\/pages"}],"about":[{"href":"https:\/\/www.jebsen-blitzschutz.de\/index.php?rest_route=\/wp\/v2\/types\/page"}],"author":[{"embeddable":true,"href":"https:\/\/www.jebsen-blitzschutz.de\/index.php?rest_route=\/wp\/v2\/users\/1"}],"replies":[{"embeddable":true,"href":"https:\/\/www.jebsen-blitzschutz.de\/index.php?rest_route=%2Fwp%2Fv2%2Fcomments&post=100"}],"version-history":[{"count":13,"href":"https:\/\/www.jebsen-blitzschutz.de\/index.php?rest_route=\/wp\/v2\/pages\/100\/revisions"}],"predecessor-version":[{"id":421,"href":"https:\/\/www.jebsen-blitzschutz.de\/index.php?rest_route=\/wp\/v2\/pages\/100\/revisions\/421"}],"wp:attachment":[{"href":"https:\/\/www.jebsen-blitzschutz.de\/index.php?rest_route=%2Fwp%2Fv2%2Fmedia&parent=100"}],"curies":[{"name":"wp","href":"https:\/\/api.w.org\/{rel}","templated":true}]}}