{"id":276,"date":"2024-05-15T11:34:06","date_gmt":"2024-05-15T09:34:06","guid":{"rendered":"https:\/\/www.jebsen-blitzschutz.de\/?page_id=276"},"modified":"2025-11-28T05:33:03","modified_gmt":"2025-11-28T04:33:03","slug":"firmengeschichte","status":"publish","type":"page","link":"https:\/\/www.jebsen-blitzschutz.de\/?page_id=276","title":{"rendered":"Firmengeschichte"},"content":{"rendered":"\t\t<div data-elementor-type=\"wp-page\" data-elementor-id=\"276\" class=\"elementor elementor-276\">\n\t\t\t\t<div class=\"elementor-element elementor-element-e3858b9 e-flex e-con-boxed wpr-particle-no wpr-jarallax-no wpr-parallax-no wpr-sticky-section-no wpr-equal-height-no e-con e-parent\" data-id=\"e3858b9\" data-element_type=\"container\" data-settings=\"{&quot;background_background&quot;:&quot;classic&quot;}\">\n\t\t\t\t\t<div class=\"e-con-inner\">\n\t\t\t\t\t<\/div>\n\t\t\t\t<\/div>\n\t\t<div class=\"elementor-element elementor-element-c174dfa e-flex e-con-boxed wpr-particle-no wpr-jarallax-no wpr-parallax-no wpr-sticky-section-no wpr-equal-height-no elementor-invisible e-con e-child\" data-id=\"c174dfa\" data-element_type=\"container\" data-settings=\"{&quot;animation&quot;:&quot;fadeIn&quot;}\">\n\t\t\t\t\t<div class=\"e-con-inner\">\n\t\t\t\t<div class=\"elementor-element elementor-element-ee92e74 elementor-widget elementor-widget-heading\" data-id=\"ee92e74\" data-element_type=\"widget\" data-widget_type=\"heading.default\">\n\t\t\t\t<div class=\"elementor-widget-container\">\n\t\t\t<h2 class=\"elementor-heading-title elementor-size-default\">Unsere Firmengeschichte<\/h2>\t\t<\/div>\n\t\t\t\t<\/div>\n\t\t\t\t<div class=\"elementor-element elementor-element-6caecc1 elementor-widget elementor-widget-text-editor\" data-id=\"6caecc1\" data-element_type=\"widget\" data-widget_type=\"text-editor.default\">\n\t\t\t\t<div class=\"elementor-widget-container\">\n\t\t\t\t\t\t\t<p class=\"p1\">Mit 3 Monteuren wurde die Fa. Jebsen GmbH im Jahr 1983 in Marne unter dem Namen Kerbst &amp; Jebsen GmbH gegr\u00fcndet und begann Erdungs- und Blitzschutzanlagen zu errichten.<\/p>\n<p class=\"p2\"><span class=\"s1\"><b>Neuer Firmensitz in der Industriestra\u00dfe 15.<\/b><\/span><\/p>\n<p class=\"p2\">Im Jahr 1986 wurde der Firmensitz in die Industriestra\u00dfe 15 verlegt. Dort entstand eine Lagerhalle mit einem Werkstatt- und B\u00fcrobereich.<\/p>\n<p><span style=\"font-weight: 400;\">Seit 2010 wird das Team im B\u00fcro von vier weiteren Mitarbeitern unterst\u00fctzt \u2013 zwei technische und zwei kaufm\u00e4nnische Angestellte. Mittlerweile ist die Belegschaft auf 20 Mitarbeiter angewachsen und wird unter der Leitung von Herrn <\/span><b>Raimund Jebsen<\/b><span style=\"font-weight: 400;\"> (der im selben Jahr die Position als Inhaber und Gesch\u00e4ftsf\u00fchrer \u00fcbernahm) und Herrn <\/span><b>Marx Borwieck<\/b><span style=\"font-weight: 400;\">, erfolgreich gef\u00fchrt.<\/span><\/p>\n<p>Seit dem <u>01. Januar 2025<\/u> ist Herr <b>Marx Borwieck<\/b> alleiniger Gesch\u00e4ftsf\u00fchrer und Inhaber.<\/p>\n<p><span style=\"font-weight: 400;\">Durch immer gr\u00f6\u00dfere Kundenauftr\u00e4ge wurde inzwischen eine neue Lagerhalle (Lagerkapazit\u00e4t&nbsp;von 1000m\u00b2&nbsp;Fl\u00e4che) errichtet, aus dem kurzfristig auch gro\u00dfen Bauvorhaben bedient werden k\u00f6nnen.<\/span><\/p>\n<p><span style=\"font-weight: 400;\">Die Mitarbeiter werden im Bereich Blitzschutz, Arbeitssicherheit, Gesundheit und Umweltschutz durch st\u00e4ndige Schulungen weiter ausgebildet, damit Kundenauftr\u00e4ge problemlos und sicher umgesetzt werden k\u00f6nnen.<\/span><\/p>\n<p><span style=\"font-weight: 400;\">Wir sind zurecht stolz, auf unsere langj\u00e4hrigen Mitarbeiter (teilweise \u00fcber 35-j\u00e4hrige Betriebszugeh\u00f6rigkeit) und haben uns im norddeutschen Raum (SH + HH) durch kurzfristige und kompetente Arbeiten einen Namen gemacht.<\/span><\/p>\n<p><span style=\"font-weight: 400;\">Unsere Leistungen sind Installationen, Pr\u00fcfungen und Reparaturen f\u00fcr Besitzer von Eigenheimen, bis hin zu Kunden von Gro\u00dfindustrieanlagen im Bereich <\/span><span style=\"font-weight: 400;\"><br><\/span><span style=\"font-weight: 400;\">Erdung + Blitzschutz, f\u00fcr die wir mit unseren Partnern auch individuelle L\u00f6sungen erarbeiten k\u00f6nnen.<\/span><\/p>\t\t\t\t\t\t<\/div>\n\t\t\t\t<\/div>\n\t\t\t\t\t<\/div>\n\t\t\t\t<\/div>\n\t\t\t\t<\/div>\n\t\t","protected":false},"excerpt":{"rendered":"<p>Unsere Firmengeschichte Mit 3 Monteuren wurde die Fa. Jebsen GmbH im Jahr 1983 in Marne unter dem Namen Kerbst &amp; Jebsen GmbH gegr\u00fcndet und begann Erdungs- und Blitzschutzanlagen zu errichten. Neuer Firmensitz in der Industriestra\u00dfe 15. Im Jahr 1986 wurde der Firmensitz in die Industriestra\u00dfe 15 verlegt. Dort entstand eine Lagerhalle mit einem Werkstatt- und B\u00fcrobereich. Seit 2010 wird das Team im B\u00fcro von vier weiteren Mitarbeitern unterst\u00fctzt \u2013 zwei technische und zwei kaufm\u00e4nnische Angestellte. Mittlerweile ist die Belegschaft auf 20 Mitarbeiter angewachsen und wird unter der Leitung von Herrn Raimund Jebsen (der im selben Jahr die Position als Inhaber und Gesch\u00e4ftsf\u00fchrer \u00fcbernahm) und Herrn Marx Borwieck, erfolgreich gef\u00fchrt. Seit dem 01. Januar 2025 ist Herr Marx Borwieck alleiniger Gesch\u00e4ftsf\u00fchrer und Inhaber. Durch immer gr\u00f6\u00dfere Kundenauftr\u00e4ge wurde inzwischen eine neue Lagerhalle (Lagerkapazit\u00e4t&nbsp;von 1000m\u00b2&nbsp;Fl\u00e4che) errichtet, aus dem kurzfristig auch gro\u00dfen Bauvorhaben bedient werden k\u00f6nnen. Die Mitarbeiter werden im Bereich Blitzschutz, Arbeitssicherheit, Gesundheit und Umweltschutz durch st\u00e4ndige Schulungen weiter ausgebildet, damit Kundenauftr\u00e4ge problemlos und sicher umgesetzt werden k\u00f6nnen. Wir sind zurecht stolz, auf unsere langj\u00e4hrigen Mitarbeiter (teilweise \u00fcber 35-j\u00e4hrige Betriebszugeh\u00f6rigkeit) und haben uns im norddeutschen Raum (SH + HH) durch kurzfristige und kompetente Arbeiten einen Namen gemacht. Unsere Leistungen sind Installationen, Pr\u00fcfungen und Reparaturen f\u00fcr Besitzer von Eigenheimen, bis hin zu Kunden von Gro\u00dfindustrieanlagen im Bereich Erdung + Blitzschutz, f\u00fcr die wir mit unseren Partnern auch individuelle L\u00f6sungen erarbeiten k\u00f6nnen.<\/p>\n","protected":false},"author":1,"featured_media":0,"parent":0,"menu_order":0,"comment_status":"closed","ping_status":"closed","template":"","meta":{"site-sidebar-layout":"no-sidebar","site-content-layout":"","ast-site-content-layout":"full-width-container","site-content-style":"default","site-sidebar-style":"default","ast-global-header-display":"","ast-banner-title-visibility":"","ast-main-header-display":"","ast-hfb-above-header-display":"","ast-hfb-below-header-display":"","ast-hfb-mobile-header-display":"","site-post-title":"disabled","ast-breadcrumbs-content":"","ast-featured-img":"disabled","footer-sml-layout":"","theme-transparent-header-meta":"","adv-header-id-meta":"","stick-header-meta":"","header-above-stick-meta":"","header-main-stick-meta":"","header-below-stick-meta":"","astra-migrate-meta-layouts":"default","ast-page-background-enabled":"default","ast-page-background-meta":{"desktop":{"background-color":"var(--ast-global-color-4)","background-image":"","background-repeat":"repeat","background-position":"center center","background-size":"auto","background-attachment":"scroll","background-type":"","background-media":"","overlay-type":"","overlay-color":"","overlay-gradient":""},"tablet":{"background-color":"","background-image":"","background-repeat":"repeat","background-position":"center center","background-size":"auto","background-attachment":"scroll","background-type":"","background-media":"","overlay-type":"","overlay-color":"","overlay-gradient":""},"mobile":{"background-color":"","background-image":"","background-repeat":"repeat","background-position":"center center","background-size":"auto","background-attachment":"scroll","background-type":"","background-media":"","overlay-type":"","overlay-color":"","overlay-gradient":""}},"ast-content-background-meta":{"desktop":{"background-color":"var(--ast-global-color-5)","background-image":"","background-repeat":"repeat","background-position":"center center","background-size":"auto","background-attachment":"scroll","background-type":"","background-media":"","overlay-type":"","overlay-color":"","overlay-gradient":""},"tablet":{"background-color":"var(--ast-global-color-5)","background-image":"","background-repeat":"repeat","background-position":"center center","background-size":"auto","background-attachment":"scroll","background-type":"","background-media":"","overlay-type":"","overlay-color":"","overlay-gradient":""},"mobile":{"background-color":"var(--ast-global-color-5)","background-image":"","background-repeat":"repeat","background-position":"center center","background-size":"auto","background-attachment":"scroll","background-type":"","background-media":"","overlay-type":"","overlay-color":"","overlay-gradient":""}},"footnotes":""},"class_list":["post-276","page","type-page","status-publish","hentry"],"yoast_head":"<!-- This site is optimized with the Yoast SEO plugin v23.1 - https:\/\/yoast.com\/wordpress\/plugins\/seo\/ -->\n<title>Firmengeschichte -<\/title>\n<meta name=\"robots\" content=\"index, follow, max-snippet:-1, max-image-preview:large, max-video-preview:-1\" \/>\n<link rel=\"canonical\" href=\"https:\/\/www.jebsen-blitzschutz.de\/?page_id=276\" \/>\n<meta property=\"og:locale\" content=\"de_DE\" \/>\n<meta property=\"og:type\" content=\"article\" \/>\n<meta property=\"og:title\" content=\"Firmengeschichte -\" \/>\n<meta property=\"og:description\" content=\"Unsere Firmengeschichte Mit 3 Monteuren wurde die Fa. Jebsen GmbH im Jahr 1983 in Marne unter dem Namen Kerbst &amp; Jebsen GmbH gegr\u00fcndet und begann Erdungs- und Blitzschutzanlagen zu errichten. Neuer Firmensitz in der Industriestra\u00dfe 15. Im Jahr 1986 wurde der Firmensitz in die Industriestra\u00dfe 15 verlegt. Dort entstand eine Lagerhalle mit einem Werkstatt- und B\u00fcrobereich. Seit 2010 wird das Team im B\u00fcro von vier weiteren Mitarbeitern unterst\u00fctzt \u2013 zwei technische und zwei kaufm\u00e4nnische Angestellte. Mittlerweile ist die Belegschaft auf 20 Mitarbeiter angewachsen und wird unter der Leitung von Herrn Raimund Jebsen (der im selben Jahr die Position als Inhaber und Gesch\u00e4ftsf\u00fchrer \u00fcbernahm) und Herrn Marx Borwieck, erfolgreich gef\u00fchrt. Seit dem 01. Januar 2025 ist Herr Marx Borwieck alleiniger Gesch\u00e4ftsf\u00fchrer und Inhaber. Durch immer gr\u00f6\u00dfere Kundenauftr\u00e4ge wurde inzwischen eine neue Lagerhalle (Lagerkapazit\u00e4t&nbsp;von 1000m\u00b2&nbsp;Fl\u00e4che) errichtet, aus dem kurzfristig auch gro\u00dfen Bauvorhaben bedient werden k\u00f6nnen. Die Mitarbeiter werden im Bereich Blitzschutz, Arbeitssicherheit, Gesundheit und Umweltschutz durch st\u00e4ndige Schulungen weiter ausgebildet, damit Kundenauftr\u00e4ge problemlos und sicher umgesetzt werden k\u00f6nnen. Wir sind zurecht stolz, auf unsere langj\u00e4hrigen Mitarbeiter (teilweise \u00fcber 35-j\u00e4hrige Betriebszugeh\u00f6rigkeit) und haben uns im norddeutschen Raum (SH + HH) durch kurzfristige und kompetente Arbeiten einen Namen gemacht. Unsere Leistungen sind Installationen, Pr\u00fcfungen und Reparaturen f\u00fcr Besitzer von Eigenheimen, bis hin zu Kunden von Gro\u00dfindustrieanlagen im Bereich Erdung + Blitzschutz, f\u00fcr die wir mit unseren Partnern auch individuelle L\u00f6sungen erarbeiten k\u00f6nnen.\" \/>\n<meta property=\"og:url\" content=\"https:\/\/www.jebsen-blitzschutz.de\/?page_id=276\" \/>\n<meta property=\"article:modified_time\" content=\"2025-11-28T04:33:03+00:00\" \/>\n<meta name=\"twitter:card\" content=\"summary_large_image\" \/>\n<meta name=\"twitter:label1\" content=\"Gesch\u00e4tzte Lesezeit\" \/>\n\t<meta name=\"twitter:data1\" content=\"2\u00a0Minuten\" \/>\n<script type=\"application\/ld+json\" class=\"yoast-schema-graph\">{\"@context\":\"https:\/\/schema.org\",\"@graph\":[{\"@type\":\"WebPage\",\"@id\":\"https:\/\/www.jebsen-blitzschutz.de\/?page_id=276\",\"url\":\"https:\/\/www.jebsen-blitzschutz.de\/?page_id=276\",\"name\":\"Firmengeschichte -\",\"isPartOf\":{\"@id\":\"https:\/\/www.jebsen-blitzschutz.de\/#website\"},\"datePublished\":\"2024-05-15T09:34:06+00:00\",\"dateModified\":\"2025-11-28T04:33:03+00:00\",\"breadcrumb\":{\"@id\":\"https:\/\/www.jebsen-blitzschutz.de\/?page_id=276#breadcrumb\"},\"inLanguage\":\"de\",\"potentialAction\":[{\"@type\":\"ReadAction\",\"target\":[\"https:\/\/www.jebsen-blitzschutz.de\/?page_id=276\"]}]},{\"@type\":\"BreadcrumbList\",\"@id\":\"https:\/\/www.jebsen-blitzschutz.de\/?page_id=276#breadcrumb\",\"itemListElement\":[{\"@type\":\"ListItem\",\"position\":1,\"name\":\"Startseite\",\"item\":\"https:\/\/www.jebsen-blitzschutz.de\/\"},{\"@type\":\"ListItem\",\"position\":2,\"name\":\"Firmengeschichte\"}]},{\"@type\":\"WebSite\",\"@id\":\"https:\/\/www.jebsen-blitzschutz.de\/#website\",\"url\":\"https:\/\/www.jebsen-blitzschutz.de\/\",\"name\":\"\",\"description\":\"\",\"potentialAction\":[{\"@type\":\"SearchAction\",\"target\":{\"@type\":\"EntryPoint\",\"urlTemplate\":\"https:\/\/www.jebsen-blitzschutz.de\/?s={search_term_string}\"},\"query-input\":\"required name=search_term_string\"}],\"inLanguage\":\"de\"}]}<\/script>\n<!-- \/ Yoast SEO plugin. -->","yoast_head_json":{"title":"Firmengeschichte -","robots":{"index":"index","follow":"follow","max-snippet":"max-snippet:-1","max-image-preview":"max-image-preview:large","max-video-preview":"max-video-preview:-1"},"canonical":"https:\/\/www.jebsen-blitzschutz.de\/?page_id=276","og_locale":"de_DE","og_type":"article","og_title":"Firmengeschichte -","og_description":"Unsere Firmengeschichte Mit 3 Monteuren wurde die Fa. Jebsen GmbH im Jahr 1983 in Marne unter dem Namen Kerbst &amp; Jebsen GmbH gegr\u00fcndet und begann Erdungs- und Blitzschutzanlagen zu errichten. Neuer Firmensitz in der Industriestra\u00dfe 15. Im Jahr 1986 wurde der Firmensitz in die Industriestra\u00dfe 15 verlegt. Dort entstand eine Lagerhalle mit einem Werkstatt- und B\u00fcrobereich. Seit 2010 wird das Team im B\u00fcro von vier weiteren Mitarbeitern unterst\u00fctzt \u2013 zwei technische und zwei kaufm\u00e4nnische Angestellte. Mittlerweile ist die Belegschaft auf 20 Mitarbeiter angewachsen und wird unter der Leitung von Herrn Raimund Jebsen (der im selben Jahr die Position als Inhaber und Gesch\u00e4ftsf\u00fchrer \u00fcbernahm) und Herrn Marx Borwieck, erfolgreich gef\u00fchrt. Seit dem 01. Januar 2025 ist Herr Marx Borwieck alleiniger Gesch\u00e4ftsf\u00fchrer und Inhaber. Durch immer gr\u00f6\u00dfere Kundenauftr\u00e4ge wurde inzwischen eine neue Lagerhalle (Lagerkapazit\u00e4t&nbsp;von 1000m\u00b2&nbsp;Fl\u00e4che) errichtet, aus dem kurzfristig auch gro\u00dfen Bauvorhaben bedient werden k\u00f6nnen. Die Mitarbeiter werden im Bereich Blitzschutz, Arbeitssicherheit, Gesundheit und Umweltschutz durch st\u00e4ndige Schulungen weiter ausgebildet, damit Kundenauftr\u00e4ge problemlos und sicher umgesetzt werden k\u00f6nnen. Wir sind zurecht stolz, auf unsere langj\u00e4hrigen Mitarbeiter (teilweise \u00fcber 35-j\u00e4hrige Betriebszugeh\u00f6rigkeit) und haben uns im norddeutschen Raum (SH + HH) durch kurzfristige und kompetente Arbeiten einen Namen gemacht. Unsere Leistungen sind Installationen, Pr\u00fcfungen und Reparaturen f\u00fcr Besitzer von Eigenheimen, bis hin zu Kunden von Gro\u00dfindustrieanlagen im Bereich Erdung + Blitzschutz, f\u00fcr die wir mit unseren Partnern auch individuelle L\u00f6sungen erarbeiten k\u00f6nnen.","og_url":"https:\/\/www.jebsen-blitzschutz.de\/?page_id=276","article_modified_time":"2025-11-28T04:33:03+00:00","twitter_card":"summary_large_image","twitter_misc":{"Gesch\u00e4tzte Lesezeit":"2\u00a0Minuten"},"schema":{"@context":"https:\/\/schema.org","@graph":[{"@type":"WebPage","@id":"https:\/\/www.jebsen-blitzschutz.de\/?page_id=276","url":"https:\/\/www.jebsen-blitzschutz.de\/?page_id=276","name":"Firmengeschichte -","isPartOf":{"@id":"https:\/\/www.jebsen-blitzschutz.de\/#website"},"datePublished":"2024-05-15T09:34:06+00:00","dateModified":"2025-11-28T04:33:03+00:00","breadcrumb":{"@id":"https:\/\/www.jebsen-blitzschutz.de\/?page_id=276#breadcrumb"},"inLanguage":"de","potentialAction":[{"@type":"ReadAction","target":["https:\/\/www.jebsen-blitzschutz.de\/?page_id=276"]}]},{"@type":"BreadcrumbList","@id":"https:\/\/www.jebsen-blitzschutz.de\/?page_id=276#breadcrumb","itemListElement":[{"@type":"ListItem","position":1,"name":"Startseite","item":"https:\/\/www.jebsen-blitzschutz.de\/"},{"@type":"ListItem","position":2,"name":"Firmengeschichte"}]},{"@type":"WebSite","@id":"https:\/\/www.jebsen-blitzschutz.de\/#website","url":"https:\/\/www.jebsen-blitzschutz.de\/","name":"","description":"","potentialAction":[{"@type":"SearchAction","target":{"@type":"EntryPoint","urlTemplate":"https:\/\/www.jebsen-blitzschutz.de\/?s={search_term_string}"},"query-input":"required name=search_term_string"}],"inLanguage":"de"}]}},"_links":{"self":[{"href":"https:\/\/www.jebsen-blitzschutz.de\/index.php?rest_route=\/wp\/v2\/pages\/276","targetHints":{"allow":["GET"]}}],"collection":[{"href":"https:\/\/www.jebsen-blitzschutz.de\/index.php?rest_route=\/wp\/v2\/pages"}],"about":[{"href":"https:\/\/www.jebsen-blitzschutz.de\/index.php?rest_route=\/wp\/v2\/types\/page"}],"author":[{"embeddable":true,"href":"https:\/\/www.jebsen-blitzschutz.de\/index.php?rest_route=\/wp\/v2\/users\/1"}],"replies":[{"embeddable":true,"href":"https:\/\/www.jebsen-blitzschutz.de\/index.php?rest_route=%2Fwp%2Fv2%2Fcomments&post=276"}],"version-history":[{"count":19,"href":"https:\/\/www.jebsen-blitzschutz.de\/index.php?rest_route=\/wp\/v2\/pages\/276\/revisions"}],"predecessor-version":[{"id":431,"href":"https:\/\/www.jebsen-blitzschutz.de\/index.php?rest_route=\/wp\/v2\/pages\/276\/revisions\/431"}],"wp:attachment":[{"href":"https:\/\/www.jebsen-blitzschutz.de\/index.php?rest_route=%2Fwp%2Fv2%2Fmedia&parent=276"}],"curies":[{"name":"wp","href":"https:\/\/api.w.org\/{rel}","templated":true}]}}